{"id":9,"date":"2024-10-05T18:52:31","date_gmt":"2024-10-05T18:52:31","guid":{"rendered":"https:\/\/ecole-francaise-freetown.fr\/?page_id=9"},"modified":"2024-11-02T14:00:33","modified_gmt":"2024-11-02T14:00:33","slug":"kindergarten","status":"publish","type":"page","link":"https:\/\/ecole-francaise-freetown.fr\/fr\/kindergarten\/","title":{"rendered":"Maternelle"},"content":{"rendered":"<div data-elementor-type=\"wp-page\" data-elementor-id=\"9\" class=\"elementor elementor-9\" data-elementor-post-type=\"page\">\n\t\t\t\t<div class=\"elementor-element elementor-element-xROBWYB e-flex e-con-boxed e-con e-parent\" data-id=\"xROBWYB\" data-element_type=\"container\">\n\t\t\t\t\t<div class=\"e-con-inner\">\n\t\t<div class=\"elementor-element elementor-element-OjY93ND e-con-full e-flex e-con e-child\" data-id=\"OjY93ND\" data-element_type=\"container\">\n\t\t\t\t<div class=\"elementor-element elementor-element-3ugl0HZ elementor-widget elementor-widget-heading\" data-id=\"3ugl0HZ\" data-element_type=\"widget\" data-widget_type=\"heading.default\">\n\t\t\t\t<div class=\"elementor-widget-container\">\n\t\t\t<h2 class=\"elementor-heading-title elementor-size-default\">Maternelle<\/h2>\t\t<\/div>\n\t\t\t\t<\/div>\n\t\t\t\t<\/div>\n\t\t<div class=\"elementor-element elementor-element-a7f4158 e-con-full e-flex e-con e-child\" data-id=\"a7f4158\" data-element_type=\"container\">\n\t\t\t\t<div class=\"elementor-element elementor-element-311fb06 elementor-widget elementor-widget-tp-adv-text-block\" data-id=\"311fb06\" data-element_type=\"widget\" data-widget_type=\"tp-adv-text-block.default\">\n\t\t\t\t<div class=\"elementor-widget-container\">\n\t\t\t<div class=\"pt-plus-text-block-wrapper\" ><div class=\"text_block_parallax\"><div class=\"pt_plus_adv_text_block\" ><div class=\"text-content-block\"><p style=\"text-align: center\">Notre objectif est d'accueillir les enfants d\u00e8s la maternelle afin de mieux les pr\u00e9parer au CP (Cours Pr\u00e9paratoire), fondamental dans l'\u00c9ducation Nationale fran\u00e7aise. Nos \u00e9l\u00e8ves pourront ainsi suivre avec succ\u00e8s le cursus CP, CE1, CE2, CM1 et CM2 avant de passer au coll\u00e8ge (sixi\u00e8me ann\u00e9e en France).<\/p><p style=\"text-align: center\">Nous avons commenc\u00e9 l'ann\u00e9e scolaire 2024-2025 avec deux classes : une classe maternelle et une classe \u00e9l\u00e9mentaire, dans lesquelles nous formons des \u00e9l\u00e8ves de diff\u00e9rents niveaux.<\/p><p style=\"text-align: center\">Les activit\u00e9s sportives de l\u2019ann\u00e9e 2024-2025 sont : tennis, natation, rugby et golf.<\/p><p style=\"text-align: center\">Nos professeurs ont suivi une formation th\u00e9orique et pratique de huit semaines aupr\u00e8s d'une formatrice de l'\u00c9ducation nationale fran\u00e7aise, Mme Dominique Arnold Baille, sp\u00e9cialement envoy\u00e9e de France pour l'ouverture de l'\u00c9cole fran\u00e7aise de Freetown.<\/p><\/div><\/div><\/div><\/div>\t\t<\/div>\n\t\t\t\t<\/div>\n\t\t\t\t<\/div>\n\t\t\t\t\t<\/div>\n\t\t\t\t<\/div>\n\t\t<div class=\"elementor-element elementor-element-45f4f58 e-flex e-con-boxed e-con e-parent\" data-id=\"45f4f58\" data-element_type=\"container\">\n\t\t\t\t\t<div class=\"e-con-inner\">\n\t\t<div class=\"elementor-element elementor-element-ef33454 e-con-full e-flex e-con e-child\" data-id=\"ef33454\" data-element_type=\"container\">\n\t\t\t\t<div class=\"elementor-element elementor-element-40d1dd1 elementor--h-position-center elementor--v-position-middle elementor-arrows-position-inside elementor-pagination-position-inside elementor-widget elementor-widget-slides\" data-id=\"40d1dd1\" data-element_type=\"widget\" data-settings=\"{&quot;navigation&quot;:&quot;both&quot;,&quot;autoplay&quot;:&quot;yes&quot;,&quot;pause_on_hover&quot;:&quot;yes&quot;,&quot;pause_on_interaction&quot;:&quot;yes&quot;,&quot;autoplay_speed&quot;:5000,&quot;infinite&quot;:&quot;yes&quot;,&quot;transition&quot;:&quot;slide&quot;,&quot;transition_speed&quot;:500}\" data-widget_type=\"slides.default\">\n\t\t\t\t<div class=\"elementor-widget-container\">\n\t\t\t\t\t<div class=\"elementor-swiper\">\n\t\t\t<div class=\"elementor-slides-wrapper elementor-main-swiper swiper\" dir=\"ltr\" data-animation=\"fadeInUp\">\n\t\t\t\t<div class=\"swiper-wrapper elementor-slides\">\n\t\t\t\t\t\t\t\t\t\t<div class=\"elementor-repeater-item-be7d2be swiper-slide\"><div class=\"swiper-slide-bg\" role=\"img\"><\/div><div class=\"swiper-slide-inner\" ><div class=\"swiper-slide-contents\"><\/div><\/div><\/div><div class=\"elementor-repeater-item-69d75b0 swiper-slide\"><div class=\"swiper-slide-bg\" role=\"img\"><\/div><div class=\"swiper-slide-inner\" ><div class=\"swiper-slide-contents\"><\/div><\/div><\/div><div class=\"elementor-repeater-item-590987b swiper-slide\"><div class=\"swiper-slide-bg elementor-ken-burns elementor-ken-burns--in\" role=\"img\"><\/div><div class=\"swiper-slide-inner\" ><div class=\"swiper-slide-contents\"><\/div><\/div><\/div>\t\t\t\t<\/div>\n\t\t\t\t\t\t\t\t\t\t\t\t\t\t\t<div class=\"swiper-pagination\"><\/div>\n\t\t\t\t\t\t\t\t\t\t\t\t\t\t\t\t<div class=\"elementor-swiper-button elementor-swiper-button-prev\" role=\"button\" tabindex=\"0\">\n\t\t\t\t\t\t\t<svg aria-hidden=\"true\" class=\"e-font-icon-svg e-eicon-chevron-left\" viewbox=\"0 0 1000 1000\" xmlns=\"http:\/\/www.w3.org\/2000\/svg\"><path d=\"M646 125C629 125 613 133 604 142L308 442C296 454 292 471 292 487 292 504 296 521 308 533L604 854C617 867 629 875 646 875 663 875 679 871 692 858 704 846 713 829 713 812 713 796 708 779 692 767L438 487 692 225C700 217 708 204 708 187 708 171 704 154 692 142 675 129 663 125 646 125Z\"><\/path><\/svg>\t\t\t\t\t\t\t<span class=\"elementor-screen-only\">Previous slide<\/span>\n\t\t\t\t\t\t<\/div>\n\t\t\t\t\t\t<div class=\"elementor-swiper-button elementor-swiper-button-next\" role=\"button\" tabindex=\"0\">\n\t\t\t\t\t\t\t<svg aria-hidden=\"true\" class=\"e-font-icon-svg e-eicon-chevron-right\" viewbox=\"0 0 1000 1000\" xmlns=\"http:\/\/www.w3.org\/2000\/svg\"><path d=\"M696 533C708 521 713 504 713 487 713 471 708 454 696 446L400 146C388 133 375 125 354 125 338 125 325 129 313 142 300 154 292 171 292 187 292 204 296 221 308 233L563 492 304 771C292 783 288 800 288 817 288 833 296 850 308 863 321 871 338 875 354 875 371 875 388 867 400 854L696 533Z\"><\/path><\/svg>\t\t\t\t\t\t\t<span class=\"elementor-screen-only\">Next slide<\/span>\n\t\t\t\t\t\t<\/div>\n\t\t\t\t\t\t\t\t\t\t\t\t<\/div>\n\t\t<\/div>\n\t\t\t\t<\/div>\n\t\t\t\t<\/div>\n\t\t\t\t<\/div>\n\t\t<div class=\"elementor-element elementor-element-7233c79 e-con-full e-flex e-con e-child\" data-id=\"7233c79\" data-element_type=\"container\">\n\t\t\t\t<div class=\"elementor-element elementor-element-d2376fd elementor-cta--skin-classic elementor-animated-content elementor-bg-transform elementor-bg-transform-zoom-in elementor-widget elementor-widget-call-to-action\" data-id=\"d2376fd\" data-element_type=\"widget\" data-widget_type=\"call-to-action.default\">\n\t\t\t\t<div class=\"elementor-widget-container\">\n\t\t\t\t\t<div class=\"elementor-cta\">\n\t\t\t\t\t\t\t<div class=\"elementor-cta__content\">\n\t\t\t\t\n\t\t\t\t\n\t\t\t\t\t\t\t\t\t<div class=\"elementor-cta__description elementor-cta__content-item elementor-content-item\">\n\t\t\t\t\t\tFaites d\u00e9couvrir tr\u00e8s t\u00f4t \u00e0 votre enfant la joie d\u2019apprendre une nouvelle langue ! Nos cours de fran\u00e7ais \u00e0 la maternelle offrent un environnement amusant et engageant dans lequel les tout-petits peuvent explorer le fran\u00e7ais \u00e0 travers des chansons, des jeux et des activit\u00e9s, \u00e9tablissant ainsi une base solide pour l'apprentissage futur de la langue. Parfait pour d\u00e9velopper \u00e0 la fois les comp\u00e9tences de communication et la conscience culturelle d\u00e8s le plus jeune \u00e2ge\u00a0!\t\t\t\t\t<\/div>\n\t\t\t\t\n\t\t\t\t\t\t\t<\/div>\n\t\t\t\t\t\t<\/div>\n\t\t\t\t<\/div>\n\t\t\t\t<\/div>\n\t\t\t\t<\/div>\n\t\t\t\t\t<\/div>\n\t\t\t\t<\/div>\n\t\t\t\t<\/div>","protected":false},"excerpt":{"rendered":"<p>Kindergarten Our goal is to welcome children from kindergarten in order to better prepare them for the CP (Cours Pr\u00e9paratoire), which is fundamental in the French National Education system. This way, our students will be able to successfully follow the CP, CE1, CE2, CM1, and CM2 curriculum before moving on to secondary school (sixth grade [&hellip;]<\/p>","protected":false},"author":1,"featured_media":0,"parent":0,"menu_order":0,"comment_status":"closed","ping_status":"closed","template":"","meta":{"footnotes":""},"class_list":["post-9","page","type-page","status-publish","hentry"],"_links":{"self":[{"href":"https:\/\/ecole-francaise-freetown.fr\/fr\/wp-json\/wp\/v2\/pages\/9"}],"collection":[{"href":"https:\/\/ecole-francaise-freetown.fr\/fr\/wp-json\/wp\/v2\/pages"}],"about":[{"href":"https:\/\/ecole-francaise-freetown.fr\/fr\/wp-json\/wp\/v2\/types\/page"}],"author":[{"embeddable":true,"href":"https:\/\/ecole-francaise-freetown.fr\/fr\/wp-json\/wp\/v2\/users\/1"}],"replies":[{"embeddable":true,"href":"https:\/\/ecole-francaise-freetown.fr\/fr\/wp-json\/wp\/v2\/comments?post=9"}],"version-history":[{"count":74,"href":"https:\/\/ecole-francaise-freetown.fr\/fr\/wp-json\/wp\/v2\/pages\/9\/revisions"}],"predecessor-version":[{"id":1107,"href":"https:\/\/ecole-francaise-freetown.fr\/fr\/wp-json\/wp\/v2\/pages\/9\/revisions\/1107"}],"wp:attachment":[{"href":"https:\/\/ecole-francaise-freetown.fr\/fr\/wp-json\/wp\/v2\/media?parent=9"}],"curies":[{"name":"wp","href":"https:\/\/api.w.org\/{rel}","templated":true}]}}