{"id":753,"date":"2024-10-14T23:19:51","date_gmt":"2024-10-14T23:19:51","guid":{"rendered":"https:\/\/ecole-francaise-freetown.fr\/?page_id=753"},"modified":"2024-11-02T14:03:01","modified_gmt":"2024-11-02T14:03:01","slug":"french-courses","status":"publish","type":"page","link":"https:\/\/ecole-francaise-freetown.fr\/fr\/french-courses\/","title":{"rendered":"French Courses for Adults &#8211; DELF Certification"},"content":{"rendered":"<div data-elementor-type=\"wp-page\" data-elementor-id=\"753\" class=\"elementor elementor-753\" data-elementor-post-type=\"page\">\n\t\t\t\t<div class=\"elementor-element elementor-element-xROBWYB e-flex e-con-boxed e-con e-parent\" data-id=\"xROBWYB\" data-element_type=\"container\">\n\t\t\t\t\t<div class=\"e-con-inner\">\n\t\t<div class=\"elementor-element elementor-element-OjY93ND e-con-full e-flex e-con e-child\" data-id=\"OjY93ND\" data-element_type=\"container\">\n\t\t\t\t<div class=\"elementor-element elementor-element-076a044 elementor-widget elementor-widget-heading\" data-id=\"076a044\" data-element_type=\"widget\" data-widget_type=\"heading.default\">\n\t\t\t\t<div class=\"elementor-widget-container\">\n\t\t\t<h2 class=\"elementor-heading-title elementor-size-default\">Cours de fran\u00e7ais pour adultes<\/h2>\t\t<\/div>\n\t\t\t\t<\/div>\n\t\t\t\t<div class=\"elementor-element elementor-element-3c4d350 elementor-widget elementor-widget-heading\" data-id=\"3c4d350\" data-element_type=\"widget\" data-widget_type=\"heading.default\">\n\t\t\t\t<div class=\"elementor-widget-container\">\n\t\t\t<h2 class=\"elementor-heading-title elementor-size-default\">DELF Certification<\/h2>\t\t<\/div>\n\t\t\t\t<\/div>\n\t\t\t\t<\/div>\n\t\t\t\t\t<\/div>\n\t\t\t\t<\/div>\n\t\t<div class=\"elementor-element elementor-element-45f4f58 e-flex e-con-boxed e-con e-parent\" data-id=\"45f4f58\" data-element_type=\"container\">\n\t\t\t\t\t<div class=\"e-con-inner\">\n\t\t<div class=\"elementor-element elementor-element-ef33454 e-con-full e-flex e-con e-child\" data-id=\"ef33454\" data-element_type=\"container\">\n\t\t\t\t<div class=\"elementor-element elementor-element-40d1dd1 elementor--h-position-center elementor--v-position-middle elementor-arrows-position-inside elementor-pagination-position-inside elementor-widget elementor-widget-slides\" data-id=\"40d1dd1\" data-element_type=\"widget\" data-settings=\"{&quot;navigation&quot;:&quot;both&quot;,&quot;autoplay&quot;:&quot;yes&quot;,&quot;pause_on_hover&quot;:&quot;yes&quot;,&quot;pause_on_interaction&quot;:&quot;yes&quot;,&quot;autoplay_speed&quot;:5000,&quot;infinite&quot;:&quot;yes&quot;,&quot;transition&quot;:&quot;slide&quot;,&quot;transition_speed&quot;:500}\" data-widget_type=\"slides.default\">\n\t\t\t\t<div class=\"elementor-widget-container\">\n\t\t\t\t\t<div class=\"elementor-swiper\">\n\t\t\t<div class=\"elementor-slides-wrapper elementor-main-swiper swiper\" dir=\"ltr\" data-animation=\"fadeInUp\">\n\t\t\t\t<div class=\"swiper-wrapper elementor-slides\">\n\t\t\t\t\t\t\t\t\t\t<div class=\"elementor-repeater-item-b6b538e swiper-slide\"><div class=\"swiper-slide-bg\" role=\"img\"><\/div><div class=\"swiper-slide-inner\" ><div class=\"swiper-slide-contents\"><\/div><\/div><\/div><div class=\"elementor-repeater-item-0924c09 swiper-slide\"><div class=\"swiper-slide-bg\" role=\"img\"><\/div><div class=\"swiper-slide-inner\" ><div class=\"swiper-slide-contents\"><\/div><\/div><\/div><div class=\"elementor-repeater-item-f690964 swiper-slide\"><div class=\"swiper-slide-bg\" role=\"img\"><\/div><div class=\"swiper-slide-inner\" ><div class=\"swiper-slide-contents\"><\/div><\/div><\/div><div class=\"elementor-repeater-item-d2ecae0 swiper-slide\"><div class=\"swiper-slide-bg\" role=\"img\"><\/div><div class=\"swiper-slide-inner\" ><div class=\"swiper-slide-contents\"><\/div><\/div><\/div><div class=\"elementor-repeater-item-f8f07ed swiper-slide\"><div class=\"swiper-slide-bg\" role=\"img\"><\/div><div class=\"swiper-slide-inner\" ><div class=\"swiper-slide-contents\"><\/div><\/div><\/div><div class=\"elementor-repeater-item-db9afef swiper-slide\"><div class=\"swiper-slide-bg\" role=\"img\"><\/div><div class=\"swiper-slide-inner\" ><div class=\"swiper-slide-contents\"><\/div><\/div><\/div>\t\t\t\t<\/div>\n\t\t\t\t\t\t\t\t\t\t\t\t\t\t\t<div class=\"swiper-pagination\"><\/div>\n\t\t\t\t\t\t\t\t\t\t\t\t\t\t\t\t<div class=\"elementor-swiper-button elementor-swiper-button-prev\" role=\"button\" tabindex=\"0\">\n\t\t\t\t\t\t\t<svg aria-hidden=\"true\" class=\"e-font-icon-svg e-eicon-chevron-left\" viewbox=\"0 0 1000 1000\" xmlns=\"http:\/\/www.w3.org\/2000\/svg\"><path d=\"M646 125C629 125 613 133 604 142L308 442C296 454 292 471 292 487 292 504 296 521 308 533L604 854C617 867 629 875 646 875 663 875 679 871 692 858 704 846 713 829 713 812 713 796 708 779 692 767L438 487 692 225C700 217 708 204 708 187 708 171 704 154 692 142 675 129 663 125 646 125Z\"><\/path><\/svg>\t\t\t\t\t\t\t<span class=\"elementor-screen-only\">Previous slide<\/span>\n\t\t\t\t\t\t<\/div>\n\t\t\t\t\t\t<div class=\"elementor-swiper-button elementor-swiper-button-next\" role=\"button\" tabindex=\"0\">\n\t\t\t\t\t\t\t<svg aria-hidden=\"true\" class=\"e-font-icon-svg e-eicon-chevron-right\" viewbox=\"0 0 1000 1000\" xmlns=\"http:\/\/www.w3.org\/2000\/svg\"><path d=\"M696 533C708 521 713 504 713 487 713 471 708 454 696 446L400 146C388 133 375 125 354 125 338 125 325 129 313 142 300 154 292 171 292 187 292 204 296 221 308 233L563 492 304 771C292 783 288 800 288 817 288 833 296 850 308 863 321 871 338 875 354 875 371 875 388 867 400 854L696 533Z\"><\/path><\/svg>\t\t\t\t\t\t\t<span class=\"elementor-screen-only\">Next slide<\/span>\n\t\t\t\t\t\t<\/div>\n\t\t\t\t\t\t\t\t\t\t\t\t<\/div>\n\t\t<\/div>\n\t\t\t\t<\/div>\n\t\t\t\t<\/div>\n\t\t\t\t<\/div>\n\t\t<div class=\"elementor-element elementor-element-7233c79 e-con-full e-flex e-con e-child\" data-id=\"7233c79\" data-element_type=\"container\">\n\t\t\t\t<div class=\"elementor-element elementor-element-10fd67d elementor-widget elementor-widget-text-editor\" data-id=\"10fd67d\" data-element_type=\"widget\" data-widget_type=\"text-editor.default\">\n\t\t\t\t<div class=\"elementor-widget-container\">\n\t\t\t\t\t\t\t<p>Vous souhaitez apprendre le fran\u00e7ais ou am\u00e9liorer vos comp\u00e9tences linguistiques ? L'\u00e9cole fran\u00e7aise de Freetown propose des cours de fran\u00e7ais sp\u00e9cialement con\u00e7us pour les adultes, quel que soit votre niveau de d\u00e9part. Que vous soyez d\u00e9butant, interm\u00e9diaire ou avanc\u00e9, nos programmes flexibles vous permettront de progresser \u00e0 votre rythme tout en vous immergeant dans la langue et la culture fran\u00e7aise.<\/p><p>Nos cours sont adapt\u00e9s pour r\u00e9pondre aux besoins des professionnels et des particuliers cherchant \u00e0 \u00e9largir leurs horizons personnels et professionnels. Vous b\u00e9n\u00e9ficierez d'un enseignement de qualit\u00e9 dispens\u00e9 par des moniteurs dipl\u00f4m\u00e9s et passionn\u00e9s, dans une ambiance conviviale et motivante.<\/p><p>A l\u2019issue de la formation, vous aurez la possibilit\u00e9 de passer le DELF (Dipl\u00f4me d\u2019\u00c9tudes en Langue Fran\u00e7aise), un certificat internationalement reconnu qui prouve votre niveau de ma\u00eetrise de la langue fran\u00e7aise. Ce dipl\u00f4me est un atout pr\u00e9cieux pour valoriser votre CV et ouvrir de nouvelles opportunit\u00e9s, que ce soit en Sierra Leone, en Afrique de l'Ouest, ou ailleurs dans le monde.<\/p><p>Rejoignez-nous et faites du fran\u00e7ais votre nouvelle comp\u00e9tence cl\u00e9 !<\/p>\t\t\t\t\t\t<\/div>\n\t\t\t\t<\/div>\n\t\t\t\t<\/div>\n\t\t\t\t\t<\/div>\n\t\t\t\t<\/div>\n\t\t\t\t<\/div>","protected":false},"excerpt":{"rendered":"<p>French Courses for Adults DELF Certification Previous slide Next slide Do you want to learn French or improve your language skills? The French school of Freetown offers French courses specifically designed for adults, regardless of your starting level. Whether you are a beginner, intermediate, or advanced learner, our flexible programs will allow you to progress [&hellip;]<\/p>","protected":false},"author":1,"featured_media":0,"parent":0,"menu_order":0,"comment_status":"closed","ping_status":"closed","template":"","meta":{"footnotes":""},"class_list":["post-753","page","type-page","status-publish","hentry"],"_links":{"self":[{"href":"https:\/\/ecole-francaise-freetown.fr\/fr\/wp-json\/wp\/v2\/pages\/753"}],"collection":[{"href":"https:\/\/ecole-francaise-freetown.fr\/fr\/wp-json\/wp\/v2\/pages"}],"about":[{"href":"https:\/\/ecole-francaise-freetown.fr\/fr\/wp-json\/wp\/v2\/types\/page"}],"author":[{"embeddable":true,"href":"https:\/\/ecole-francaise-freetown.fr\/fr\/wp-json\/wp\/v2\/users\/1"}],"replies":[{"embeddable":true,"href":"https:\/\/ecole-francaise-freetown.fr\/fr\/wp-json\/wp\/v2\/comments?post=753"}],"version-history":[{"count":23,"href":"https:\/\/ecole-francaise-freetown.fr\/fr\/wp-json\/wp\/v2\/pages\/753\/revisions"}],"predecessor-version":[{"id":1113,"href":"https:\/\/ecole-francaise-freetown.fr\/fr\/wp-json\/wp\/v2\/pages\/753\/revisions\/1113"}],"wp:attachment":[{"href":"https:\/\/ecole-francaise-freetown.fr\/fr\/wp-json\/wp\/v2\/media?parent=753"}],"curies":[{"name":"wp","href":"https:\/\/api.w.org\/{rel}","templated":true}]}}