{"id":61,"date":"2024-10-01T00:53:17","date_gmt":"2024-10-01T00:53:17","guid":{"rendered":"https:\/\/ecole-francaise-freetown.fr\/our-story\/"},"modified":"2024-11-02T13:54:26","modified_gmt":"2024-11-02T13:54:26","slug":"our-story","status":"publish","type":"page","link":"https:\/\/ecole-francaise-freetown.fr\/fr\/our-story\/","title":{"rendered":"Notre histoire"},"content":{"rendered":"<div data-elementor-type=\"wp-page\" data-elementor-id=\"61\" class=\"elementor elementor-61\" data-elementor-post-type=\"page\">\n\t\t\t\t<div class=\"elementor-element elementor-element-47a8853c e-con-full e-flex e-con e-parent\" data-id=\"47a8853c\" data-element_type=\"container\">\n\t\t<div class=\"elementor-element elementor-element-17565af1 e-con-full e-flex e-con e-child\" data-id=\"17565af1\" data-element_type=\"container\" data-settings=\"{&quot;background_background&quot;:&quot;classic&quot;}\">\n\t\t\t\t<\/div>\n\t\t<div class=\"elementor-element elementor-element-8734fb e-con-full e-flex e-con e-child\" data-id=\"8734fb\" data-element_type=\"container\">\n\t\t\t\t<div class=\"elementor-element elementor-element-3fd0410 elementor-widget elementor-widget-heading\" data-id=\"3fd0410\" data-element_type=\"widget\" data-widget_type=\"heading.default\">\n\t\t\t\t<div class=\"elementor-widget-container\">\n\t\t\t<h1 class=\"elementor-heading-title elementor-size-default\">Notre histoire<\/h1>\t\t<\/div>\n\t\t\t\t<\/div>\n\t\t\t\t<div class=\"elementor-element elementor-element-662ba29b elementor-invisible elementor-widget elementor-widget-text-editor\" data-id=\"662ba29b\" data-element_type=\"widget\" data-settings=\"{&quot;_animation&quot;:&quot;fadeIn&quot;,&quot;_animation_delay&quot;:400}\" data-widget_type=\"text-editor.default\">\n\t\t\t\t<div class=\"elementor-widget-container\">\n\t\t\t\t\t\t\t<p>The <strong>Association \u00c9cole Fran\u00e7aise de Freetown<\/strong> est une nouvelle \u00e9cole fran\u00e7aise qui a ouvert ses portes en Sierra Leone pour l'ann\u00e9e scolaire 2024-2025.<\/p><p>Notre \u00e9cole, ouverte aux \u00e9tudiants de toutes nationalit\u00e9s, propose un enseignement conforme aux normes \u00e9lev\u00e9es du programme de l'\u00c9ducation nationale fran\u00e7aise, promouvant les valeurs humanistes.<\/p><p>Nous privil\u00e9gions l\u2019excellence p\u00e9dagogique au service de la r\u00e9ussite de chacun, avec des classes r\u00e9duites et un accompagnement personnalis\u00e9 pour les \u00e9l\u00e8ves ayant des besoins particuliers.<\/p><p>Nos professeurs certifi\u00e9s suivront une formation continue dispens\u00e9e par des moniteurs fran\u00e7ais.<\/p><p>Notre programme suit le m\u00eame cursus que toutes les \u00e9coles fran\u00e7aises \u00e0 l'\u00e9tranger, permettant aux \u00e9l\u00e8ves de poursuivre leur scolarit\u00e9 en toute fluidit\u00e9 de la maternelle au baccalaur\u00e9at et proposant un enseignement particuli\u00e8rement enrichissant.<\/p>\t\t\t\t\t\t<\/div>\n\t\t\t\t<\/div>\n\t\t\t\t<\/div>\n\t\t\t\t<\/div>\n\t\t<div class=\"elementor-element elementor-element-243b162b e-con-full e-flex e-con e-parent\" data-id=\"243b162b\" data-element_type=\"container\">\n\t\t<div class=\"elementor-element elementor-element-46fd6c19 e-con-full e-flex e-con e-child\" data-id=\"46fd6c19\" data-element_type=\"container\">\n\t\t\t\t<div class=\"elementor-element elementor-element-642346c5 elementor-widget elementor-widget-heading\" data-id=\"642346c5\" data-element_type=\"widget\" data-widget_type=\"heading.default\">\n\t\t\t\t<div class=\"elementor-widget-container\">\n\t\t\t<h2 class=\"elementor-heading-title elementor-size-default\">Notre Mission<\/h2>\t\t<\/div>\n\t\t\t\t<\/div>\n\t\t\t\t<div class=\"elementor-element elementor-element-14575f6a elementor-widget__width-initial elementor-widget-mobile__width-inherit elementor-widget elementor-widget-text-editor\" data-id=\"14575f6a\" data-element_type=\"widget\" data-widget_type=\"text-editor.default\">\n\t\t\t\t<div class=\"elementor-widget-container\">\n\t\t\t\t\t\t\t<p>L'ann\u00e9e prochaine, notre objectif est de rejoindre le r\u00e9seau des \u00e9coles fran\u00e7aises \u00e0 l'\u00e9tranger et d'obtenir l'accr\u00e9ditation de l'Agence de l'enseignement fran\u00e7ais \u00e0 l'\u00e9tranger (AEFE).<\/p><p>Il s\u2019agit d\u2019une belle opportunit\u00e9 pour les \u00e9tudiants du syst\u00e8me fran\u00e7ais de b\u00e9n\u00e9ficier d\u2019une multitude d\u2019opportunit\u00e9s futures.<\/p><p>Apr\u00e8s l'obtention du baccalaur\u00e9at fran\u00e7ais et international (facultatif), les dipl\u00f4m\u00e9s pourront poursuivre des \u00e9tudes sup\u00e9rieures partout dans le monde.<\/p><p>Les frais de scolarit\u00e9 couvrent tout, donc pas de surprise au cours de l'ann\u00e9e.<\/p><p>En septembre, nous avons commenc\u00e9 avec deux classes, maternelle et \u00e9l\u00e9mentaire. Chaque ann\u00e9e, nous envisageons d'ouvrir une classe de niveau sup\u00e9rieur jusqu'au baccalaur\u00e9at.<\/p><p class=\" translation-block\">Avec l'<strong>Association \u00c9cole Fran\u00e7aise de Freetown<\/strong>, plus besoin d'envoyer votre enfant \u00e0 l'\u00e9tranger pour b\u00e9n\u00e9ficier d'une \u00e9ducation d'excellence et de qualit\u00e9.<\/p><p>Nous vous invitons \u00e0 visiter notre \u00e9cole et \u00e0 inscrire votre enfant, ou \u00e0 r\u00e9server une place pour l'ann\u00e9e prochaine.<\/p><p>Alors pourquoi ne pas donner cette opportunit\u00e9 \u00e0 votre enfant ?<\/p>\t\t\t\t\t\t<\/div>\n\t\t\t\t<\/div>\n\t\t\t\t<\/div>\n\t\t<div class=\"elementor-element elementor-element-e1c9ce9 e-con-full e-flex e-con e-child\" data-id=\"e1c9ce9\" data-element_type=\"container\" data-settings=\"{&quot;background_background&quot;:&quot;classic&quot;}\">\n\t\t\t\t<div class=\"elementor-element elementor-element-1105a178 elementor-widget elementor-widget-image\" data-id=\"1105a178\" data-element_type=\"widget\" data-widget_type=\"image.default\">\n\t\t\t\t<div class=\"elementor-widget-container\">\n\t\t\t\t\t\t\t\t\t\t\t\t\t<img fetchpriority=\"high\" decoding=\"async\" width=\"1600\" height=\"1066\" src=\"https:\/\/ecole-francaise-freetown.fr\/wp-content\/uploads\/2024\/10\/WhatsApp-Image-2024-09-27-at-7.04.01-AM.jpeg\" class=\"attachment-full size-full wp-image-137\" alt=\"\" srcset=\"https:\/\/ecole-francaise-freetown.fr\/wp-content\/uploads\/2024\/10\/WhatsApp-Image-2024-09-27-at-7.04.01-AM.jpeg 1600w, https:\/\/ecole-francaise-freetown.fr\/wp-content\/uploads\/2024\/10\/WhatsApp-Image-2024-09-27-at-7.04.01-AM-300x200.jpeg 300w, https:\/\/ecole-francaise-freetown.fr\/wp-content\/uploads\/2024\/10\/WhatsApp-Image-2024-09-27-at-7.04.01-AM-1024x682.jpeg 1024w, https:\/\/ecole-francaise-freetown.fr\/wp-content\/uploads\/2024\/10\/WhatsApp-Image-2024-09-27-at-7.04.01-AM-768x512.jpeg 768w, https:\/\/ecole-francaise-freetown.fr\/wp-content\/uploads\/2024\/10\/WhatsApp-Image-2024-09-27-at-7.04.01-AM-1536x1023.jpeg 1536w\" sizes=\"(max-width: 1600px) 100vw, 1600px\" \/>\t\t\t\t\t\t\t\t\t\t\t\t\t<\/div>\n\t\t\t\t<\/div>\n\t\t\t\t<div class=\"elementor-element elementor-element-56eb71d6 elementor-widget elementor-widget-image\" data-id=\"56eb71d6\" data-element_type=\"widget\" data-widget_type=\"image.default\">\n\t\t\t\t<div class=\"elementor-widget-container\">\n\t\t\t\t\t\t\t\t\t\t\t\t\t<img decoding=\"async\" width=\"960\" height=\"1280\" src=\"https:\/\/ecole-francaise-freetown.fr\/wp-content\/uploads\/2024\/10\/WhatsApp-Image-2024-09-27-at-7.03.49-AM-1.webp\" class=\"attachment-full size-full wp-image-114\" alt=\"\" srcset=\"https:\/\/ecole-francaise-freetown.fr\/wp-content\/uploads\/2024\/10\/WhatsApp-Image-2024-09-27-at-7.03.49-AM-1.webp 960w, https:\/\/ecole-francaise-freetown.fr\/wp-content\/uploads\/2024\/10\/WhatsApp-Image-2024-09-27-at-7.03.49-AM-1-225x300.webp 225w, https:\/\/ecole-francaise-freetown.fr\/wp-content\/uploads\/2024\/10\/WhatsApp-Image-2024-09-27-at-7.03.49-AM-1-768x1024.webp 768w\" sizes=\"(max-width: 960px) 100vw, 960px\" \/>\t\t\t\t\t\t\t\t\t\t\t\t\t<\/div>\n\t\t\t\t<\/div>\n\t\t\t\t<\/div>\n\t\t\t\t<\/div>\n\t\t<div class=\"elementor-element elementor-element-1384973 e-flex e-con-boxed e-con e-parent\" data-id=\"1384973\" data-element_type=\"container\">\n\t\t\t\t\t<div class=\"e-con-inner\">\n\t\t\t\t<div class=\"elementor-element elementor-element-136cbc2 elementor-widget elementor-widget-spacer\" data-id=\"136cbc2\" data-element_type=\"widget\" data-widget_type=\"spacer.default\">\n\t\t\t\t<div class=\"elementor-widget-container\">\n\t\t\t\t\t<div class=\"elementor-spacer\">\n\t\t\t<div class=\"elementor-spacer-inner\"><\/div>\n\t\t<\/div>\n\t\t\t\t<\/div>\n\t\t\t\t<\/div>\n\t\t\t\t\t<\/div>\n\t\t\t\t<\/div>\n\t\t<div class=\"elementor-element elementor-element-9fa5b13 e-flex e-con-boxed e-con e-parent\" data-id=\"9fa5b13\" data-element_type=\"container\">\n\t\t\t\t\t<div class=\"e-con-inner\">\n\t\t\t\t<div class=\"elementor-element elementor-element-5675e3f elementor-widget elementor-widget-spacer\" data-id=\"5675e3f\" data-element_type=\"widget\" data-widget_type=\"spacer.default\">\n\t\t\t\t<div class=\"elementor-widget-container\">\n\t\t\t\t\t<div class=\"elementor-spacer\">\n\t\t\t<div class=\"elementor-spacer-inner\"><\/div>\n\t\t<\/div>\n\t\t\t\t<\/div>\n\t\t\t\t<\/div>\n\t\t\t\t\t<\/div>\n\t\t\t\t<\/div>\n\t\t<div class=\"elementor-element elementor-element-4c1f1dd e-con-full e-flex e-con e-parent\" data-id=\"4c1f1dd\" data-element_type=\"container\">\n\t\t<div class=\"elementor-element elementor-element-9554e63 e-con-full e-flex e-con e-child\" data-id=\"9554e63\" data-element_type=\"container\">\n\t\t\t\t<div class=\"elementor-element elementor-element-5036cb9 elementor-cta--layout-image-right elementor-cta--valign-middle elementor-cta--mobile-layout-image-above elementor-widget__width-initial elementor-widget-tablet__width-inherit elementor-cta--skin-classic elementor-animated-content elementor-bg-transform elementor-bg-transform-zoom-in elementor-widget elementor-widget-call-to-action\" data-id=\"5036cb9\" data-element_type=\"widget\" data-widget_type=\"call-to-action.default\">\n\t\t\t\t<div class=\"elementor-widget-container\">\n\t\t\t\t\t<div class=\"elementor-cta\">\n\t\t\t\t\t\t\t<div class=\"elementor-cta__content\">\n\t\t\t\t\n\t\t\t\t\t\t\t\t\t<h2 class=\"elementor-cta__title elementor-cta__content-item elementor-content-item\">\n\t\t\t\t\t\tThe Classes\t\t\t\t\t<\/h2>\n\t\t\t\t\n\t\t\t\t\t\t\t\t\t<div class=\"elementor-cta__description elementor-cta__content-item elementor-content-item\">\n\t\t\t\t\t\tWe offer a safe and comfortable space dedicated to learning.\t\t\t\t\t<\/div>\n\t\t\t\t\n\t\t\t\t\t\t\t<\/div>\n\t\t\t\t\t\t<\/div>\n\t\t\t\t<\/div>\n\t\t\t\t<\/div>\n\t\t\t\t<\/div>\n\t\t<div class=\"elementor-element elementor-element-f7cdf22 e-con-full e-flex e-con e-child\" data-id=\"f7cdf22\" data-element_type=\"container\">\n\t\t\t\t<div class=\"elementor-element elementor-element-b604888 elementor--h-position-center elementor--v-position-middle elementor-arrows-position-inside elementor-pagination-position-inside elementor-widget elementor-widget-slides\" data-id=\"b604888\" data-element_type=\"widget\" data-settings=\"{&quot;navigation&quot;:&quot;both&quot;,&quot;autoplay&quot;:&quot;yes&quot;,&quot;pause_on_hover&quot;:&quot;yes&quot;,&quot;pause_on_interaction&quot;:&quot;yes&quot;,&quot;autoplay_speed&quot;:5000,&quot;infinite&quot;:&quot;yes&quot;,&quot;transition&quot;:&quot;slide&quot;,&quot;transition_speed&quot;:500}\" data-widget_type=\"slides.default\">\n\t\t\t\t<div class=\"elementor-widget-container\">\n\t\t\t\t\t<div class=\"elementor-swiper\">\n\t\t\t<div class=\"elementor-slides-wrapper elementor-main-swiper swiper\" dir=\"ltr\" data-animation=\"fadeInUp\">\n\t\t\t\t<div class=\"swiper-wrapper elementor-slides\">\n\t\t\t\t\t\t\t\t\t\t<div class=\"elementor-repeater-item-9ba5f56 swiper-slide\"><div class=\"swiper-slide-bg\" role=\"img\"><\/div><div class=\"swiper-slide-inner\" ><div class=\"swiper-slide-contents\"><\/div><\/div><\/div><div class=\"elementor-repeater-item-b0f7249 swiper-slide\"><div class=\"swiper-slide-bg\" role=\"img\"><\/div><div class=\"swiper-slide-inner\" ><div class=\"swiper-slide-contents\"><\/div><\/div><\/div><div class=\"elementor-repeater-item-4994dfa swiper-slide\"><div class=\"swiper-slide-bg\" role=\"img\"><\/div><div class=\"swiper-slide-inner\" ><div class=\"swiper-slide-contents\"><\/div><\/div><\/div><div class=\"elementor-repeater-item-092da0b swiper-slide\"><div class=\"swiper-slide-bg\" role=\"img\"><\/div><div class=\"swiper-slide-inner\" ><div class=\"swiper-slide-contents\"><\/div><\/div><\/div><div class=\"elementor-repeater-item-83ef927 swiper-slide\"><div class=\"swiper-slide-bg\" role=\"img\"><\/div><div class=\"swiper-slide-inner\" ><div class=\"swiper-slide-contents\"><\/div><\/div><\/div><div class=\"elementor-repeater-item-70f5401 swiper-slide\"><div class=\"swiper-slide-bg\" role=\"img\"><\/div><div class=\"swiper-slide-inner\" ><div class=\"swiper-slide-contents\"><\/div><\/div><\/div><div class=\"elementor-repeater-item-ecde75c swiper-slide\"><div class=\"swiper-slide-bg\" role=\"img\"><\/div><div class=\"swiper-slide-inner\" ><div class=\"swiper-slide-contents\"><\/div><\/div><\/div>\t\t\t\t<\/div>\n\t\t\t\t\t\t\t\t\t\t\t\t\t\t\t<div class=\"swiper-pagination\"><\/div>\n\t\t\t\t\t\t\t\t\t\t\t\t\t\t\t\t<div class=\"elementor-swiper-button elementor-swiper-button-prev\" role=\"button\" tabindex=\"0\">\n\t\t\t\t\t\t\t<svg aria-hidden=\"true\" class=\"e-font-icon-svg e-eicon-chevron-left\" viewbox=\"0 0 1000 1000\" xmlns=\"http:\/\/www.w3.org\/2000\/svg\"><path d=\"M646 125C629 125 613 133 604 142L308 442C296 454 292 471 292 487 292 504 296 521 308 533L604 854C617 867 629 875 646 875 663 875 679 871 692 858 704 846 713 829 713 812 713 796 708 779 692 767L438 487 692 225C700 217 708 204 708 187 708 171 704 154 692 142 675 129 663 125 646 125Z\"><\/path><\/svg>\t\t\t\t\t\t\t<span class=\"elementor-screen-only\">Previous slide<\/span>\n\t\t\t\t\t\t<\/div>\n\t\t\t\t\t\t<div class=\"elementor-swiper-button elementor-swiper-button-next\" role=\"button\" tabindex=\"0\">\n\t\t\t\t\t\t\t<svg aria-hidden=\"true\" class=\"e-font-icon-svg e-eicon-chevron-right\" viewbox=\"0 0 1000 1000\" xmlns=\"http:\/\/www.w3.org\/2000\/svg\"><path d=\"M696 533C708 521 713 504 713 487 713 471 708 454 696 446L400 146C388 133 375 125 354 125 338 125 325 129 313 142 300 154 292 171 292 187 292 204 296 221 308 233L563 492 304 771C292 783 288 800 288 817 288 833 296 850 308 863 321 871 338 875 354 875 371 875 388 867 400 854L696 533Z\"><\/path><\/svg>\t\t\t\t\t\t\t<span class=\"elementor-screen-only\">Next slide<\/span>\n\t\t\t\t\t\t<\/div>\n\t\t\t\t\t\t\t\t\t\t\t\t<\/div>\n\t\t<\/div>\n\t\t\t\t<\/div>\n\t\t\t\t<\/div>\n\t\t\t\t<\/div>\n\t\t\t\t<\/div>\n\t\t\t\t<\/div>","protected":false},"excerpt":{"rendered":"<p>Our Story The Association \u00c9cole Fran\u00e7aise de Freetown is a new French school that opened its doors in Sierra Leone for the 2024-2025 academic year. Our school, open to students of all nationalities, offers education that adheres to the high standards of the French National Education curriculum, promoting humanistic values. We prioritize educational excellence in [&hellip;]<\/p>","protected":false},"author":1,"featured_media":65,"parent":0,"menu_order":0,"comment_status":"closed","ping_status":"closed","template":"elementor_header_footer","meta":{"footnotes":""},"class_list":["post-61","page","type-page","status-publish","has-post-thumbnail","hentry"],"_links":{"self":[{"href":"https:\/\/ecole-francaise-freetown.fr\/fr\/wp-json\/wp\/v2\/pages\/61"}],"collection":[{"href":"https:\/\/ecole-francaise-freetown.fr\/fr\/wp-json\/wp\/v2\/pages"}],"about":[{"href":"https:\/\/ecole-francaise-freetown.fr\/fr\/wp-json\/wp\/v2\/types\/page"}],"author":[{"embeddable":true,"href":"https:\/\/ecole-francaise-freetown.fr\/fr\/wp-json\/wp\/v2\/users\/1"}],"replies":[{"embeddable":true,"href":"https:\/\/ecole-francaise-freetown.fr\/fr\/wp-json\/wp\/v2\/comments?post=61"}],"version-history":[{"count":54,"href":"https:\/\/ecole-francaise-freetown.fr\/fr\/wp-json\/wp\/v2\/pages\/61\/revisions"}],"predecessor-version":[{"id":1104,"href":"https:\/\/ecole-francaise-freetown.fr\/fr\/wp-json\/wp\/v2\/pages\/61\/revisions\/1104"}],"wp:featuredmedia":[{"embeddable":true,"href":"https:\/\/ecole-francaise-freetown.fr\/fr\/wp-json\/wp\/v2\/media\/65"}],"wp:attachment":[{"href":"https:\/\/ecole-francaise-freetown.fr\/fr\/wp-json\/wp\/v2\/media?parent=61"}],"curies":[{"name":"wp","href":"https:\/\/api.w.org\/{rel}","templated":true}]}}