{"id":44,"date":"2024-10-01T00:53:10","date_gmt":"2024-10-01T00:53:10","guid":{"rendered":"https:\/\/ecole-francaise-freetown.fr\/contact-us\/"},"modified":"2024-10-15T12:03:54","modified_gmt":"2024-10-15T12:03:54","slug":"admissions","status":"publish","type":"page","link":"https:\/\/ecole-francaise-freetown.fr\/fr\/admissions\/","title":{"rendered":"Admissions"},"content":{"rendered":"<div data-elementor-type=\"wp-page\" data-elementor-id=\"44\" class=\"elementor elementor-44\" data-elementor-post-type=\"page\">\n\t\t\t\t<div class=\"elementor-element elementor-element-6f21556 e-flex e-con-boxed e-con e-parent\" data-id=\"6f21556\" data-element_type=\"container\">\n\t\t\t\t\t<div class=\"e-con-inner\">\n\t\t\t\t<div class=\"elementor-element elementor-element-fcea3e3 text-center elementor-widget elementor-widget-tp-heading-title\" data-id=\"fcea3e3\" data-element_type=\"widget\" data-widget_type=\"tp-heading-title.default\">\n\t\t\t\t<div class=\"elementor-widget-container\">\n\t\t\t<div class=\"heading heading_style heading_style69f89e292d589 style-1\" ><div class=\"sub-style\"  ><div class=\"head-title\" > <h2  class=\"heading-title\"   data-hover=\"Admissions Information\">Inscriptions<span class=\"title-s\">  <\/span><\/h2><\/div><div class=\"sub-heading\"><h3 class=\"heading-sub-title\"> Les inscriptions pour l'ann\u00e9e scolaire 2024-2025 restent ouvertes <\/h3><\/div><\/div><\/div>\t\t<\/div>\n\t\t\t\t<\/div>\n\t\t\t\t<div class=\"elementor-element elementor-element-41417f6 elementor-widget elementor-widget-heading\" data-id=\"41417f6\" data-element_type=\"widget\" data-widget_type=\"heading.default\">\n\t\t\t\t<div class=\"elementor-widget-container\">\n\t\t\t<h2 class=\"elementor-heading-title elementor-size-default\">Les pr\u00e9inscriptions pour la prochaine rentr\u00e9e scolaire d\u00e9buteront en mai 2025<\/h2>\t\t<\/div>\n\t\t\t\t<\/div>\n\t\t\t\t\t<\/div>\n\t\t\t\t<\/div>\n\t\t<div class=\"elementor-element elementor-element-4d7a03f e-con-full e-flex e-con e-parent\" data-id=\"4d7a03f\" data-element_type=\"container\">\n\t\t\t\t<div class=\"elementor-element elementor-element-3ed645c elementor-widget elementor-widget-tp-info-box\" data-id=\"3ed645c\" data-element_type=\"widget\" data-widget_type=\"tp-info-box.default\">\n\t\t\t\t<div class=\"elementor-widget-container\">\n\t\t\t<div id=\"info_box69f89e2931aa0\" class=\"pt_plus_info_box hover_normal    info_box69f89e2931aa0 info-box-style_1\"  data-id=\"info_box69f89e2931aa0\"    dir= \"data-connection=\"\"\" data-eventtype=\"\" ><div class=\"post-inner-loop\"><div class=\"info-box-inner content_hover_effect  tp-info-nc\"   ><div class=\"info-box-bg-box\"><div class=\"service-media text-left\"><div class=\"service-content\"><div class=\"service-title\"> \u00c9tape 1 <\/div><div class=\"service-border\"> <\/div><div class=\"service-desc\"> <p>Pour toute demande d'inscription d'un nouvel \u00e9l\u00e8ve, il est n\u00e9cessaire de remplir un formulaire de pr\u00e9-inscription.<\/p> <\/div><\/div><\/div><div class=\"infobox-overlay-color\"><\/div><\/div><\/div><\/div><\/div>\t\t<\/div>\n\t\t\t\t<\/div>\n\t\t\t\t<div class=\"elementor-element elementor-element-86d1912 elementor-widget elementor-widget-tp-info-box\" data-id=\"86d1912\" data-element_type=\"widget\" data-widget_type=\"tp-info-box.default\">\n\t\t\t\t<div class=\"elementor-widget-container\">\n\t\t\t<div id=\"info_box69f89e29322fd\" class=\"pt_plus_info_box hover_normal    info_box69f89e29322fd info-box-style_1\"  data-id=\"info_box69f89e29322fd\"    dir= \"data-connection=\"\"\" data-eventtype=\"\" ><div class=\"post-inner-loop\"><div class=\"info-box-inner content_hover_effect  tp-info-nc\"   ><div class=\"info-box-bg-box\"><div class=\"service-media text-left\"><div class=\"service-content\"><div class=\"service-title\"> \u00c9tape 2 <\/div><div class=\"service-border\"> <\/div><div class=\"service-desc\"> <p>Rendez-vous de prise de contact avec la directrice<\/p> <\/div><\/div><\/div><div class=\"infobox-overlay-color\"><\/div><\/div><\/div><\/div><\/div>\t\t<\/div>\n\t\t\t\t<\/div>\n\t\t\t\t<div class=\"elementor-element elementor-element-b184741 elementor-widget elementor-widget-tp-info-box\" data-id=\"b184741\" data-element_type=\"widget\" data-widget_type=\"tp-info-box.default\">\n\t\t\t\t<div class=\"elementor-widget-container\">\n\t\t\t<div id=\"info_box69f89e2932af8\" class=\"pt_plus_info_box hover_normal    info_box69f89e2932af8 info-box-style_1\"  data-id=\"info_box69f89e2932af8\"    dir= \"data-connection=\"\"\" data-eventtype=\"\" ><div class=\"post-inner-loop\"><div class=\"info-box-inner content_hover_effect  tp-info-nc\"   ><div class=\"info-box-bg-box\"><div class=\"service-media text-left\"><div class=\"service-content\"><div class=\"service-title\"> \u00c9tape 3 <\/div><div class=\"service-border\"> <\/div><div class=\"service-desc\"> <p>Examen du dossier suivi de l'envoi des r\u00e9ponses. La r\u00e9ponse est soumise \u00e0 disponibilit\u00e9 et confirmation administrative.<br \/>D\u00e8s la premi\u00e8re ann\u00e9e (CP), pour les \u00e9l\u00e8ves n'ayant jamais fr\u00e9quent\u00e9 une \u00e9cole fran\u00e7aise ou ne faisant pas partie du r\u00e9seau AEFE (la liste AEFE est disponible sur le site Internet : www.aefe.fr), un test de classement sera organis\u00e9.<br \/>Pour les \u00e9l\u00e8ves non francophones, des tests de placement sont propos\u00e9s dans leur langue maternelle.<\/p> <\/div><\/div><\/div><div class=\"infobox-overlay-color\"><\/div><\/div><\/div><\/div><\/div>\t\t<\/div>\n\t\t\t\t<\/div>\n\t\t\t\t<div class=\"elementor-element elementor-element-d4b9c76 elementor-widget elementor-widget-tp-info-box\" data-id=\"d4b9c76\" data-element_type=\"widget\" data-widget_type=\"tp-info-box.default\">\n\t\t\t\t<div class=\"elementor-widget-container\">\n\t\t\t<div id=\"info_box69f89e29332d7\" class=\"pt_plus_info_box hover_normal    info_box69f89e29332d7 info-box-style_1\"  data-id=\"info_box69f89e29332d7\"    dir= \"data-connection=\"\"\" data-eventtype=\"\" ><div class=\"post-inner-loop\"><div class=\"info-box-inner content_hover_effect  tp-info-nc\"   ><div class=\"info-box-bg-box\"><div class=\"service-media text-left\"><div class=\"service-content\"><div class=\"service-title\"> \u00c9tape 4 <\/div><div class=\"service-border\"> <\/div><div class=\"service-desc\"> <p>Remplissez ce formulaire d'inscription. Seuls les dossiers d\u00fbment compl\u00e9t\u00e9s et accompagn\u00e9s du r\u00e8glement de l'acompte seront accept\u00e9s.<\/p> <\/div><\/div><\/div><div class=\"infobox-overlay-color\"><\/div><\/div><\/div><\/div><\/div>\t\t<\/div>\n\t\t\t\t<\/div>\n\t\t\t\t<div class=\"elementor-element elementor-element-a24cf11 elementor-widget elementor-widget-tp-button\" data-id=\"a24cf11\" data-element_type=\"widget\" data-widget_type=\"tp-button.default\">\n\t\t\t\t<div class=\"elementor-widget-container\">\n\t\t\t<div class=\"pt-plus-button-wrapper   text-center\"><div class=\"button_parallax\" ><div id=\"button69f89e29350da\"  class=\"text-center ts-button content_hover_effect\" ><div class=\"pt_plus_button btn69f89e29350ce button-style-8\"  ><div class=\"animted-content-inner\"><a href=\"https:\/\/ecole-francaise-freetown.fr\/fr\/form\/\" class=\"button-link-wrap\" role=\"button\" data-hover=\"Fill Pre Registration Form\"  >Remplissez le formulaire de pr\u00e9-inscription<i class=\"btn-icon button-after fa fa-chevron-right\"><\/i><\/a><\/div><\/div><\/div><\/div><\/div>\t\t<\/div>\n\t\t\t\t<\/div>\n\t\t\t\t<\/div>\n\t\t\t\t<\/div>","protected":false},"excerpt":{"rendered":"<p>Admissions Information Registrations for the 2024-2025 school year remain open Pre-registrations for the next school year will begin in May 2025 Step 1 For any new pupil registration request, it is necessary to fill out a pre-registration form. Step 2 Meeting with the school principal. Step 3 Review of the application followed by the sending [&hellip;]<\/p>","protected":false},"author":1,"featured_media":49,"parent":0,"menu_order":0,"comment_status":"closed","ping_status":"closed","template":"elementor_header_footer","meta":{"footnotes":""},"class_list":["post-44","page","type-page","status-publish","has-post-thumbnail","hentry"],"_links":{"self":[{"href":"https:\/\/ecole-francaise-freetown.fr\/fr\/wp-json\/wp\/v2\/pages\/44"}],"collection":[{"href":"https:\/\/ecole-francaise-freetown.fr\/fr\/wp-json\/wp\/v2\/pages"}],"about":[{"href":"https:\/\/ecole-francaise-freetown.fr\/fr\/wp-json\/wp\/v2\/types\/page"}],"author":[{"embeddable":true,"href":"https:\/\/ecole-francaise-freetown.fr\/fr\/wp-json\/wp\/v2\/users\/1"}],"replies":[{"embeddable":true,"href":"https:\/\/ecole-francaise-freetown.fr\/fr\/wp-json\/wp\/v2\/comments?post=44"}],"version-history":[{"count":72,"href":"https:\/\/ecole-francaise-freetown.fr\/fr\/wp-json\/wp\/v2\/pages\/44\/revisions"}],"predecessor-version":[{"id":817,"href":"https:\/\/ecole-francaise-freetown.fr\/fr\/wp-json\/wp\/v2\/pages\/44\/revisions\/817"}],"wp:featuredmedia":[{"embeddable":true,"href":"https:\/\/ecole-francaise-freetown.fr\/fr\/wp-json\/wp\/v2\/media\/49"}],"wp:attachment":[{"href":"https:\/\/ecole-francaise-freetown.fr\/fr\/wp-json\/wp\/v2\/media?parent=44"}],"curies":[{"name":"wp","href":"https:\/\/api.w.org\/{rel}","templated":true}]}}